{"id":5304,"date":"2026-04-04T09:48:33","date_gmt":"2026-04-04T09:48:33","guid":{"rendered":"https:\/\/www.globaliscertification.com\/?page_id=5304"},"modified":"2026-04-04T09:59:43","modified_gmt":"2026-04-04T09:59:43","slug":"kariyer","status":"publish","type":"page","link":"https:\/\/www.globaliscertification.com\/nn\/kariyer\/","title":{"rendered":"Kariyer"},"content":{"rendered":"<div class=\"banner has-hover has-parallax\" id=\"banner-1690957412\">\n          <div class=\"banner-inner fill\">\n        <div class=\"banner-bg fill\" data-parallax=\"-2\" data-parallax-container=\".banner\" data-parallax-background>\n            <div class=\"bg fill bg-fill\"><\/div>\n                                    \n                    <\/div>\n        <div class=\"banner-layers container\">\n            <div class=\"fill banner-link\"><\/div>            \n\n   <div id=\"text-box-1268080952\" class=\"text-box banner-layer x50 md-x50 lg-x50 y50 md-y50 lg-y50 res-text\">\n                                <div class=\"text dark\">\n              \n              <div class=\"text-inner text-center\">\n                  \n\n\t<div id=\"text-2738994661\" class=\"text\">\n\t\t\n\n<h3 class=\"uppercase\"><strong>Kariyer F\u0131rsatlar\u0131<\/strong><\/h3>\n<p class=\"uppercase\" style=\"color: #777777;\">Globalis b\u00fcnyesindeki kariyer f\u0131rsatlar\u0131n\u0131 inceleyin<\/p>\n\t\t\n<style>\n#text-2738994661 {\n  color: rgb(0,0,0);\n}\n#text-2738994661 > * {\n  color: rgb(0,0,0);\n}\n<\/style>\n\t<\/div>\n\t\n<div class=\"is-divider divider clearfix\" style=\"max-width:67px;height:5px;background-color:rgba(26, 127, 48, 0.878);\"><\/div>\n\n\n              <\/div>\n           <\/div>\n                            \n<style>\n#text-box-1268080952 {\n  width: 60%;\n}\n#text-box-1268080952 .text {\n  font-size: 100%;\n}\n@media (min-width:550px) {\n  #text-box-1268080952 {\n    width: 68%;\n  }\n}\n<\/style>\n    <\/div>\n \n\n        <\/div>\n      <\/div>\n\n            \n<style>\n#banner-1690957412 {\n  padding-top: 200px;\n}\n#banner-1690957412 .bg.bg-loaded {\n  background-image: url(https:\/\/www.globaliscertification.com\/wp-content\/uploads\/2025\/08\/02-4-1-1-scaled.png);\n}\n#banner-1690957412 .bg {\n  background-position: 45% 100%;\n}\n@media (min-width:550px) {\n  #banner-1690957412 {\n    padding-top: 280px;\n  }\n}\n<\/style>\n  <\/div>\n\n\n\t<section class=\"section\" id=\"section_1759445873\">\n\t\t<div class=\"bg section-bg fill bg-fill  bg-loaded\" >\n\n\t\t\t\n\t\t\t\n\t\t\t\n\n\t\t<\/div>\n\n\t\t<div class=\"section-content relative\">\n\t\t\t\n\n<div class=\"row\"  id=\"row-186093602\">\n\n\n\t<div id=\"col-42500845\" class=\"col small-12 large-12\"  >\n\t\t<div class=\"col-inner\"  >\n\t\t\t\n\t\t\t\n\n<p data-start=\"365\" data-end=\"548\"><span class=\"hover:entity-accent entity-underline inline cursor-pointer align-baseline\"><span class=\"whitespace-normal\">Globalis Certification<\/span><\/span> olarak, s\u00fcrd\u00fcr\u00fclebilirlik, sertifikasyon ve dan\u0131\u015fmanl\u0131k alanlar\u0131nda b\u00fcy\u00fcyen bir yap\u0131n\u0131n par\u00e7as\u0131 olmak isteyen yeteneklerle \u00e7al\u0131\u015fmay\u0131 \u00f6nemsiyoruz. Farkl\u0131 disiplinlerden gelen ekip arkada\u015flar\u0131m\u0131zla birlikte, ulusal ve uluslararas\u0131 projelerde aktif rol al\u0131yor, kurumlar\u0131n s\u00fcrd\u00fcr\u00fclebilir d\u00f6n\u00fc\u015f\u00fcm s\u00fcre\u00e7lerine katk\u0131 sa\u011fl\u0131yoruz.<\/p>\n<p data-start=\"727\" data-end=\"858\">E\u011fer siz de dinamik, \u00f6\u011frenmeye a\u00e7\u0131k ve geli\u015fim odakl\u0131 bir ortamda yer almak istiyorsan\u0131z, a\u00e7\u0131k pozisyonlar\u0131m\u0131z\u0131 inceleyebilirsiniz.<\/p>\n\n\t\t<\/div>\n\t\t\t<\/div>\n\n\t\n\n<\/div>\n<div class=\"row\"  id=\"row-1075120576\">\n\n\n\t<div id=\"col-1282307314\" class=\"col medium-6 small-12 large-6\"  >\n\t\t<div class=\"col-inner\"  >\n\t\t\t\n\t\t\t\n\n<h3><strong>\u0130\u015e \u0130MKANLARI<\/strong><\/h3>\n<p data-start=\"936\" data-end=\"1030\">Globalis Certification b\u00fcnyesinde farkl\u0131 alanlarda g\u00f6rev alabilecek ekip arkada\u015flar\u0131 ar\u0131yoruz.<\/p>\n<p data-start=\"1032\" data-end=\"1052\"><strong>\u00c7al\u0131\u015fma alanlar\u0131m\u0131z:<\/strong><\/p>\n<ul data-start=\"1054\" data-end=\"1197\">\n<li data-section-id=\"178gdcc\" data-start=\"1054\" data-end=\"1088\">S\u00fcrd\u00fcr\u00fclebilirlik dan\u0131\u015fmanl\u0131\u011f\u0131<\/li>\n<li data-section-id=\"6wa5k9\" data-start=\"1089\" data-end=\"1120\">ISO belgelendirme s\u00fcre\u00e7leri<\/li>\n<li data-section-id=\"1y5a2ji\" data-start=\"1121\" data-end=\"1145\">Denetim ve raporlama<\/li>\n<li data-section-id=\"2feqi8\" data-start=\"1146\" data-end=\"1178\">Turizm ve \u00e7evre standartlar\u0131<\/li>\n<li data-section-id=\"15pg0d3\" data-start=\"1179\" data-end=\"1197\">Proje y\u00f6netimi<\/li>\n<\/ul>\n<p data-section-id=\"kx2fsk\" data-start=\"1199\" data-end=\"1221\"><strong>Genel Beklentiler:<\/strong><\/p>\n<ul data-start=\"1223\" data-end=\"1347\">\n<li data-section-id=\"a4s4mg\" data-start=\"1223\" data-end=\"1252\">Analitik d\u00fc\u015f\u00fcnme becerisi<\/li>\n<li data-section-id=\"1rqv7o\" data-start=\"1253\" data-end=\"1290\">\u0130leti\u015fim ve koordinasyon yetene\u011fi<\/li>\n<li data-section-id=\"11pb2vg\" data-start=\"1291\" data-end=\"1324\">\u00d6\u011frenmeye ve geli\u015fime a\u00e7\u0131kl\u0131k<\/li>\n<li data-section-id=\"12kimrj\" data-start=\"1325\" data-end=\"1347\">Sorumluluk bilinci<\/li>\n<\/ul>\n<p data-start=\"1367\" data-end=\"1434\"><br \/>Ba\u015fvurular\u0131n\u0131z\u0131 a\u015fa\u011f\u0131daki e-posta adresi \u00fczerinden iletebilirsiniz:<br \/><br \/><a href=\"mailto:iletisim@globaliscertification.com\"><strong>ileti\u015fim@globaliscertification.com<\/strong><\/a><\/p>\n\n\t\t<\/div>\n\t\t\t<\/div>\n\n\t\n\n\t<div id=\"col-1429525720\" class=\"col medium-6 small-12 large-6\"  >\n\t\t<div class=\"col-inner\"  >\n\t\t\t\n\t\t\t\n\n<h3><strong>STAJ \u0130MKANLARI<\/strong><\/h3>\n<p data-start=\"1540\" data-end=\"1643\">Globalis Certification olarak, kariyerinin ba\u015f\u0131ndaki gen\u00e7 yeteneklere deneyim kazand\u0131rmay\u0131 \u00f6nemsiyoruz.<\/p>\n<p data-start=\"1645\" data-end=\"1686\"><strong>Staj program\u0131m\u0131z kapsam\u0131nda kat\u0131l\u0131mc\u0131lar:<\/strong><\/p>\n<ul data-start=\"1688\" data-end=\"1867\">\n<li data-section-id=\"1210viv\" data-start=\"1688\" data-end=\"1720\">Ger\u00e7ek projelerde g\u00f6rev al\u0131r<\/li>\n<li data-section-id=\"1t1mi8q\" data-start=\"1721\" data-end=\"1782\">S\u00fcrd\u00fcr\u00fclebilirlik ve sertifikasyon s\u00fcre\u00e7lerini deneyimler<\/li>\n<li data-section-id=\"s0wy0j\" data-start=\"1783\" data-end=\"1822\">Profesyonel i\u015f ak\u0131\u015flar\u0131n\u0131 g\u00f6zlemler<\/li>\n<li data-section-id=\"102zj0t\" data-start=\"1823\" data-end=\"1867\">Ekiplerle birlikte \u00e7al\u0131\u015fma f\u0131rsat\u0131 bulur<\/li>\n<\/ul>\n<p data-section-id=\"wpt6ew\" data-start=\"1869\" data-end=\"1893\"><strong>Kimler Ba\u015fvurabilir:<\/strong><\/p>\n<ul data-start=\"1895\" data-end=\"2087\">\n<li data-section-id=\"z16fzt\" data-start=\"1895\" data-end=\"1952\">\u00dcniversitelerin ilgili b\u00f6l\u00fcmlerinde okuyan \u00f6\u011frenciler<\/li>\n<li data-section-id=\"f8jtvz\" data-start=\"1953\" data-end=\"2031\">S\u00fcrd\u00fcr\u00fclebilirlik, \u00e7evre, turizm veya m\u00fchendislik alanlar\u0131na ilgi duyanlar<\/li>\n<li data-section-id=\"8abyyo\" data-start=\"2032\" data-end=\"2087\">\u00d6\u011frenmeye a\u00e7\u0131k ve sorumluluk almaya istekli adaylar<\/li>\n<\/ul>\n<h3 data-section-id=\"epu3q\" data-start=\"2089\" data-end=\"2099\">\u00a0<\/h3>\n<p data-start=\"2101\" data-end=\"2176\">Ba\u015fvurular\u0131n\u0131z\u0131 \u00f6zge\u00e7mi\u015finiz ile birlikte a\u015fa\u011f\u0131daki adrese iletebilirsiniz:<\/p>\n<p data-start=\"2178\" data-end=\"2215\"><strong><a class=\"decorated-link cursor-pointer\" href=\"\/nn\/_wp_link_placeholder\/\" rel=\"noopener\" data-start=\"2183\" data-end=\"2213\" data-wplink-edit=\"true\">iletisim@globaliscertification.com<\/a><\/strong><\/p>\n\n\t\t<\/div>\n\t\t\t<\/div>\n\n\t\n\n<\/div>\n\n\t\t<\/div>\n\n\t\t\n<style>\n#section_1759445873 {\n  padding-top: 30px;\n  padding-bottom: 30px;\n}\n<\/style>\n\t<\/section>","protected":false},"excerpt":{"rendered":"","protected":false},"author":1,"featured_media":0,"parent":0,"menu_order":0,"comment_status":"closed","ping_status":"closed","template":"page-blank.php","meta":{"footnotes":""},"class_list":["post-5304","page","type-page","status-publish","hentry"],"_links":{"self":[{"href":"https:\/\/www.globaliscertification.com\/nn\/wp-json\/wp\/v2\/pages\/5304","targetHints":{"allow":["GET"]}}],"collection":[{"href":"https:\/\/www.globaliscertification.com\/nn\/wp-json\/wp\/v2\/pages"}],"about":[{"href":"https:\/\/www.globaliscertification.com\/nn\/wp-json\/wp\/v2\/types\/page"}],"author":[{"embeddable":true,"href":"https:\/\/www.globaliscertification.com\/nn\/wp-json\/wp\/v2\/users\/1"}],"replies":[{"embeddable":true,"href":"https:\/\/www.globaliscertification.com\/nn\/wp-json\/wp\/v2\/comments?post=5304"}],"version-history":[{"count":2,"href":"https:\/\/www.globaliscertification.com\/nn\/wp-json\/wp\/v2\/pages\/5304\/revisions"}],"predecessor-version":[{"id":5307,"href":"https:\/\/www.globaliscertification.com\/nn\/wp-json\/wp\/v2\/pages\/5304\/revisions\/5307"}],"wp:attachment":[{"href":"https:\/\/www.globaliscertification.com\/nn\/wp-json\/wp\/v2\/media?parent=5304"}],"curies":[{"name":"wp","href":"https:\/\/api.w.org\/{rel}","templated":true}]}}